{"id":120,"date":"2024-01-25T21:48:05","date_gmt":"2024-01-25T21:48:05","guid":{"rendered":"https:\/\/habitacionpropia.mx\/?page_id=120"},"modified":"2025-05-06T16:28:52","modified_gmt":"2025-05-06T16:28:52","slug":"gato-negro","status":"publish","type":"page","link":"https:\/\/habitacionpropia.mx\/index.php\/gato-negro\/","title":{"rendered":"Gata Negra"},"content":{"rendered":"\n<p><\/p>\n\n\n\n<p>Gato Negro es una agencia de comunicaci\u00f3n aliada de Habitaci\u00f3n Propia que ofrece servicios de difusi\u00f3n de boletines, organizaci\u00f3n de ruedas de prensa y m\u00e1s. En este espacio, publicaremos la informaci\u00f3n de la misma.<\/p>\n\n\n\n<p><strong>\u00bfQui\u00e9n conforma el equipo de Gato Negro?<\/strong><\/p>\n\n\n\n<div class=\"wp-block-media-text alignwide is-stacked-on-mobile is-vertically-aligned-center has-white-background-color has-background\"><figure class=\"wp-block-media-text__media\"><img loading=\"lazy\" decoding=\"async\" width=\"1024\" height=\"1024\" src=\"http:\/\/habitacionpropia.mx\/wp-content\/uploads\/2024\/01\/image-5-1024x1024.png\" alt=\"\" class=\"wp-image-124 size-full\" srcset=\"https:\/\/habitacionpropia.mx\/wp-content\/uploads\/2024\/01\/image-5-1024x1024.png 1024w, https:\/\/habitacionpropia.mx\/wp-content\/uploads\/2024\/01\/image-5-300x300.png 300w, https:\/\/habitacionpropia.mx\/wp-content\/uploads\/2024\/01\/image-5-600x600.png 600w, https:\/\/habitacionpropia.mx\/wp-content\/uploads\/2024\/01\/image-5-150x150.png 150w, https:\/\/habitacionpropia.mx\/wp-content\/uploads\/2024\/01\/image-5-768x768.png 768w, https:\/\/habitacionpropia.mx\/wp-content\/uploads\/2024\/01\/image-5-435x435.png 435w, https:\/\/habitacionpropia.mx\/wp-content\/uploads\/2024\/01\/image-5-60x60.png 60w, https:\/\/habitacionpropia.mx\/wp-content\/uploads\/2024\/01\/image-5.png 1080w\" sizes=\"auto, (max-width: 1024px) 100vw, 1024px\" \/><\/figure><div class=\"wp-block-media-text__content\">\n<div class=\"wp-block-group\" style=\"padding-top:2em;padding-right:2em;padding-bottom:2em;padding-left:2em\"><div class=\"wp-block-group__inner-container is-layout-flow wp-block-group-is-layout-flow\">\n<p style=\"font-size:36px;line-height:1.2\"><strong>&#8220;So\u00f1adora distra\u00edda. Me encantan los atardeceres y el mar. Amo abrazar a mi gatita, observarla y disfrutar su presencia&#8221;.<\/strong><\/p>\n<\/div><\/div>\n<\/div><\/div>\n\n\n\n<div class=\"wp-block-media-text alignwide has-media-on-the-right is-stacked-on-mobile is-vertically-aligned-center has-black-background-color has-background\"><div class=\"wp-block-media-text__content\">\n<div class=\"wp-block-group\" style=\"padding-top:2em;padding-right:2em;padding-bottom:2em;padding-left:2em\"><div class=\"wp-block-group__inner-container is-layout-flow wp-block-group-is-layout-flow\">\n<p class=\"has-white-color has-text-color has-link-color wp-elements-9e56c4f8f5d57db265bca8b832cdad27\" style=\"font-size:36px;line-height:1.2\"><strong>&#8220;Tabasque\u00f1a feminista. Reportera y ente teatral. Amante de las flores silvestres, las aves en libertad y de mi familia interespecie&#8221;.<\/strong><\/p>\n<\/div><\/div>\n<\/div><figure class=\"wp-block-media-text__media\"><img loading=\"lazy\" decoding=\"async\" width=\"1024\" height=\"1024\" src=\"http:\/\/habitacionpropia.mx\/wp-content\/uploads\/2024\/01\/image-4-1024x1024.png\" alt=\"\" class=\"wp-image-123 size-full\" srcset=\"https:\/\/habitacionpropia.mx\/wp-content\/uploads\/2024\/01\/image-4-1024x1024.png 1024w, https:\/\/habitacionpropia.mx\/wp-content\/uploads\/2024\/01\/image-4-300x300.png 300w, https:\/\/habitacionpropia.mx\/wp-content\/uploads\/2024\/01\/image-4-600x600.png 600w, https:\/\/habitacionpropia.mx\/wp-content\/uploads\/2024\/01\/image-4-150x150.png 150w, https:\/\/habitacionpropia.mx\/wp-content\/uploads\/2024\/01\/image-4-768x768.png 768w, https:\/\/habitacionpropia.mx\/wp-content\/uploads\/2024\/01\/image-4-435x435.png 435w, https:\/\/habitacionpropia.mx\/wp-content\/uploads\/2024\/01\/image-4-60x60.png 60w, https:\/\/habitacionpropia.mx\/wp-content\/uploads\/2024\/01\/image-4.png 1080w\" sizes=\"auto, (max-width: 1024px) 100vw, 1024px\" \/><\/figure><\/div>\n\n\n\n<div class=\"wp-block-media-text alignwide is-stacked-on-mobile is-vertically-aligned-center has-white-background-color has-background\"><figure class=\"wp-block-media-text__media\"><img loading=\"lazy\" decoding=\"async\" width=\"1024\" height=\"1024\" src=\"http:\/\/habitacionpropia.mx\/wp-content\/uploads\/2024\/01\/image-3-1024x1024.png\" alt=\"\" class=\"wp-image-122 size-full\" srcset=\"https:\/\/habitacionpropia.mx\/wp-content\/uploads\/2024\/01\/image-3-1024x1024.png 1024w, https:\/\/habitacionpropia.mx\/wp-content\/uploads\/2024\/01\/image-3-300x300.png 300w, https:\/\/habitacionpropia.mx\/wp-content\/uploads\/2024\/01\/image-3-600x600.png 600w, https:\/\/habitacionpropia.mx\/wp-content\/uploads\/2024\/01\/image-3-150x150.png 150w, https:\/\/habitacionpropia.mx\/wp-content\/uploads\/2024\/01\/image-3-768x768.png 768w, https:\/\/habitacionpropia.mx\/wp-content\/uploads\/2024\/01\/image-3-435x435.png 435w, https:\/\/habitacionpropia.mx\/wp-content\/uploads\/2024\/01\/image-3-60x60.png 60w, https:\/\/habitacionpropia.mx\/wp-content\/uploads\/2024\/01\/image-3.png 1080w\" sizes=\"auto, (max-width: 1024px) 100vw, 1024px\" \/><\/figure><div class=\"wp-block-media-text__content\">\n<div class=\"wp-block-group\" style=\"padding-top:2em;padding-right:2em;padding-bottom:2em;padding-left:2em\"><div class=\"wp-block-group__inner-container is-layout-flow wp-block-group-is-layout-flow\">\n<p style=\"font-size:36px;line-height:1.2\"><strong>&#8220;Me late el rap, los videojuegos retro y escribir cosas. Disfruto compartir vivencias con la gente maravillosa que me he topado en el camino&#8221;.<\/strong><\/p>\n<\/div><\/div>\n<\/div><\/div>\n","protected":false},"excerpt":{"rendered":"<p>Gato Negro es una agencia de comunicaci\u00f3n aliada de Habitaci\u00f3n Propia que ofrece servicios de difusi\u00f3n de boletines, organizaci\u00f3n de ruedas de prensa y m\u00e1s. En este espacio, publicaremos la informaci\u00f3n de la misma. \u00bfQui\u00e9n conforma el equipo de Gato Negro?<\/p>\n","protected":false},"author":1,"featured_media":0,"parent":0,"menu_order":0,"comment_status":"closed","ping_status":"closed","template":"","meta":{"om_disable_all_campaigns":false,"_monsterinsights_skip_tracking":false,"_monsterinsights_sitenote_active":false,"_monsterinsights_sitenote_note":"","_monsterinsights_sitenote_category":0,"jetpack_post_was_ever_published":false,"footnotes":""},"class_list":["post-120","page","type-page","status-publish","hentry"],"yoast_head":"<!-- This site is optimized with the Yoast SEO plugin v25.7 - https:\/\/yoast.com\/wordpress\/plugins\/seo\/ -->\n<title>Gata Negra - Habitaci\u00f3n Propia<\/title>\n<meta name=\"robots\" content=\"index, follow, max-snippet:-1, max-image-preview:large, max-video-preview:-1\" \/>\n<link rel=\"canonical\" href=\"https:\/\/habitacionpropia.mx\/index.php\/gato-negro\/\" \/>\n<meta property=\"og:locale\" content=\"es_MX\" \/>\n<meta property=\"og:type\" content=\"article\" \/>\n<meta property=\"og:title\" content=\"Gata Negra - Habitaci\u00f3n Propia\" \/>\n<meta property=\"og:description\" content=\"Gato Negro es una agencia de comunicaci\u00f3n aliada de Habitaci\u00f3n Propia que ofrece servicios de difusi\u00f3n de boletines, organizaci\u00f3n de ruedas de prensa y m\u00e1s. En este espacio, publicaremos la informaci\u00f3n de la misma. \u00bfQui\u00e9n conforma el equipo de Gato Negro?\" \/>\n<meta property=\"og:url\" content=\"https:\/\/habitacionpropia.mx\/index.php\/gato-negro\/\" \/>\n<meta property=\"og:site_name\" content=\"Habitaci\u00f3n Propia\" \/>\n<meta property=\"article:publisher\" content=\"https:\/\/www.facebook.com\/habitacionpropia.mx\" \/>\n<meta property=\"article:modified_time\" content=\"2025-05-06T16:28:52+00:00\" \/>\n<meta property=\"og:image\" content=\"http:\/\/habitacionpropia.mx\/wp-content\/uploads\/2024\/01\/image-5-1024x1024.png\" \/>\n<meta name=\"twitter:card\" content=\"summary_large_image\" \/>\n<meta name=\"twitter:label1\" content=\"Tiempo de lectura\" \/>\n\t<meta name=\"twitter:data1\" content=\"2 minutos\" \/>\n<script type=\"application\/ld+json\" class=\"yoast-schema-graph\">{\"@context\":\"https:\/\/schema.org\",\"@graph\":[{\"@type\":\"WebPage\",\"@id\":\"https:\/\/habitacionpropia.mx\/index.php\/gato-negro\/\",\"url\":\"https:\/\/habitacionpropia.mx\/index.php\/gato-negro\/\",\"name\":\"Gata Negra - Habitaci\u00f3n Propia\",\"isPartOf\":{\"@id\":\"https:\/\/habitacionpropia.mx\/#website\"},\"primaryImageOfPage\":{\"@id\":\"https:\/\/habitacionpropia.mx\/index.php\/gato-negro\/#primaryimage\"},\"image\":{\"@id\":\"https:\/\/habitacionpropia.mx\/index.php\/gato-negro\/#primaryimage\"},\"thumbnailUrl\":\"http:\/\/habitacionpropia.mx\/wp-content\/uploads\/2024\/01\/image-5-1024x1024.png\",\"datePublished\":\"2024-01-25T21:48:05+00:00\",\"dateModified\":\"2025-05-06T16:28:52+00:00\",\"breadcrumb\":{\"@id\":\"https:\/\/habitacionpropia.mx\/index.php\/gato-negro\/#breadcrumb\"},\"inLanguage\":\"es\",\"potentialAction\":[{\"@type\":\"ReadAction\",\"target\":[\"https:\/\/habitacionpropia.mx\/index.php\/gato-negro\/\"]}]},{\"@type\":\"ImageObject\",\"inLanguage\":\"es\",\"@id\":\"https:\/\/habitacionpropia.mx\/index.php\/gato-negro\/#primaryimage\",\"url\":\"https:\/\/habitacionpropia.mx\/wp-content\/uploads\/2024\/01\/image-5.png\",\"contentUrl\":\"https:\/\/habitacionpropia.mx\/wp-content\/uploads\/2024\/01\/image-5.png\",\"width\":1080,\"height\":1080},{\"@type\":\"BreadcrumbList\",\"@id\":\"https:\/\/habitacionpropia.mx\/index.php\/gato-negro\/#breadcrumb\",\"itemListElement\":[{\"@type\":\"ListItem\",\"position\":1,\"name\":\"Inicio\",\"item\":\"https:\/\/habitacionpropia.mx\/\"},{\"@type\":\"ListItem\",\"position\":2,\"name\":\"Gata Negra\"}]},{\"@type\":\"WebSite\",\"@id\":\"https:\/\/habitacionpropia.mx\/#website\",\"url\":\"https:\/\/habitacionpropia.mx\/\",\"name\":\"Habitaci\u00f3n Propia\",\"description\":\"\",\"publisher\":{\"@id\":\"https:\/\/habitacionpropia.mx\/#organization\"},\"potentialAction\":[{\"@type\":\"SearchAction\",\"target\":{\"@type\":\"EntryPoint\",\"urlTemplate\":\"https:\/\/habitacionpropia.mx\/?s={search_term_string}\"},\"query-input\":{\"@type\":\"PropertyValueSpecification\",\"valueRequired\":true,\"valueName\":\"search_term_string\"}}],\"inLanguage\":\"es\"},{\"@type\":\"Organization\",\"@id\":\"https:\/\/habitacionpropia.mx\/#organization\",\"name\":\"Habitaci\u00f3n Propia\",\"url\":\"https:\/\/habitacionpropia.mx\/\",\"logo\":{\"@type\":\"ImageObject\",\"inLanguage\":\"es\",\"@id\":\"https:\/\/habitacionpropia.mx\/#\/schema\/logo\/image\/\",\"url\":\"https:\/\/habitacionpropia.mx\/wp-content\/uploads\/2024\/01\/cropped-Logo-Final-1.png\",\"contentUrl\":\"https:\/\/habitacionpropia.mx\/wp-content\/uploads\/2024\/01\/cropped-Logo-Final-1.png\",\"width\":846,\"height\":191,\"caption\":\"Habitaci\u00f3n Propia\"},\"image\":{\"@id\":\"https:\/\/habitacionpropia.mx\/#\/schema\/logo\/image\/\"},\"sameAs\":[\"https:\/\/www.facebook.com\/habitacionpropia.mx\",\"https:\/\/www.instagram.com\/habitacionpropia.mx\/\"]}]}<\/script>\n<!-- \/ Yoast SEO plugin. -->","yoast_head_json":{"title":"Gata Negra - Habitaci\u00f3n Propia","robots":{"index":"index","follow":"follow","max-snippet":"max-snippet:-1","max-image-preview":"max-image-preview:large","max-video-preview":"max-video-preview:-1"},"canonical":"https:\/\/habitacionpropia.mx\/index.php\/gato-negro\/","og_locale":"es_MX","og_type":"article","og_title":"Gata Negra - Habitaci\u00f3n Propia","og_description":"Gato Negro es una agencia de comunicaci\u00f3n aliada de Habitaci\u00f3n Propia que ofrece servicios de difusi\u00f3n de boletines, organizaci\u00f3n de ruedas de prensa y m\u00e1s. En este espacio, publicaremos la informaci\u00f3n de la misma. \u00bfQui\u00e9n conforma el equipo de Gato Negro?","og_url":"https:\/\/habitacionpropia.mx\/index.php\/gato-negro\/","og_site_name":"Habitaci\u00f3n Propia","article_publisher":"https:\/\/www.facebook.com\/habitacionpropia.mx","article_modified_time":"2025-05-06T16:28:52+00:00","og_image":[{"url":"http:\/\/habitacionpropia.mx\/wp-content\/uploads\/2024\/01\/image-5-1024x1024.png","type":"","width":"","height":""}],"twitter_card":"summary_large_image","twitter_misc":{"Tiempo de lectura":"2 minutos"},"schema":{"@context":"https:\/\/schema.org","@graph":[{"@type":"WebPage","@id":"https:\/\/habitacionpropia.mx\/index.php\/gato-negro\/","url":"https:\/\/habitacionpropia.mx\/index.php\/gato-negro\/","name":"Gata Negra - Habitaci\u00f3n Propia","isPartOf":{"@id":"https:\/\/habitacionpropia.mx\/#website"},"primaryImageOfPage":{"@id":"https:\/\/habitacionpropia.mx\/index.php\/gato-negro\/#primaryimage"},"image":{"@id":"https:\/\/habitacionpropia.mx\/index.php\/gato-negro\/#primaryimage"},"thumbnailUrl":"http:\/\/habitacionpropia.mx\/wp-content\/uploads\/2024\/01\/image-5-1024x1024.png","datePublished":"2024-01-25T21:48:05+00:00","dateModified":"2025-05-06T16:28:52+00:00","breadcrumb":{"@id":"https:\/\/habitacionpropia.mx\/index.php\/gato-negro\/#breadcrumb"},"inLanguage":"es","potentialAction":[{"@type":"ReadAction","target":["https:\/\/habitacionpropia.mx\/index.php\/gato-negro\/"]}]},{"@type":"ImageObject","inLanguage":"es","@id":"https:\/\/habitacionpropia.mx\/index.php\/gato-negro\/#primaryimage","url":"https:\/\/habitacionpropia.mx\/wp-content\/uploads\/2024\/01\/image-5.png","contentUrl":"https:\/\/habitacionpropia.mx\/wp-content\/uploads\/2024\/01\/image-5.png","width":1080,"height":1080},{"@type":"BreadcrumbList","@id":"https:\/\/habitacionpropia.mx\/index.php\/gato-negro\/#breadcrumb","itemListElement":[{"@type":"ListItem","position":1,"name":"Inicio","item":"https:\/\/habitacionpropia.mx\/"},{"@type":"ListItem","position":2,"name":"Gata Negra"}]},{"@type":"WebSite","@id":"https:\/\/habitacionpropia.mx\/#website","url":"https:\/\/habitacionpropia.mx\/","name":"Habitaci\u00f3n Propia","description":"","publisher":{"@id":"https:\/\/habitacionpropia.mx\/#organization"},"potentialAction":[{"@type":"SearchAction","target":{"@type":"EntryPoint","urlTemplate":"https:\/\/habitacionpropia.mx\/?s={search_term_string}"},"query-input":{"@type":"PropertyValueSpecification","valueRequired":true,"valueName":"search_term_string"}}],"inLanguage":"es"},{"@type":"Organization","@id":"https:\/\/habitacionpropia.mx\/#organization","name":"Habitaci\u00f3n Propia","url":"https:\/\/habitacionpropia.mx\/","logo":{"@type":"ImageObject","inLanguage":"es","@id":"https:\/\/habitacionpropia.mx\/#\/schema\/logo\/image\/","url":"https:\/\/habitacionpropia.mx\/wp-content\/uploads\/2024\/01\/cropped-Logo-Final-1.png","contentUrl":"https:\/\/habitacionpropia.mx\/wp-content\/uploads\/2024\/01\/cropped-Logo-Final-1.png","width":846,"height":191,"caption":"Habitaci\u00f3n Propia"},"image":{"@id":"https:\/\/habitacionpropia.mx\/#\/schema\/logo\/image\/"},"sameAs":["https:\/\/www.facebook.com\/habitacionpropia.mx","https:\/\/www.instagram.com\/habitacionpropia.mx\/"]}]}},"jetpack_sharing_enabled":true,"_links":{"self":[{"href":"https:\/\/habitacionpropia.mx\/index.php\/wp-json\/wp\/v2\/pages\/120","targetHints":{"allow":["GET"]}}],"collection":[{"href":"https:\/\/habitacionpropia.mx\/index.php\/wp-json\/wp\/v2\/pages"}],"about":[{"href":"https:\/\/habitacionpropia.mx\/index.php\/wp-json\/wp\/v2\/types\/page"}],"author":[{"embeddable":true,"href":"https:\/\/habitacionpropia.mx\/index.php\/wp-json\/wp\/v2\/users\/1"}],"replies":[{"embeddable":true,"href":"https:\/\/habitacionpropia.mx\/index.php\/wp-json\/wp\/v2\/comments?post=120"}],"version-history":[{"count":9,"href":"https:\/\/habitacionpropia.mx\/index.php\/wp-json\/wp\/v2\/pages\/120\/revisions"}],"predecessor-version":[{"id":895,"href":"https:\/\/habitacionpropia.mx\/index.php\/wp-json\/wp\/v2\/pages\/120\/revisions\/895"}],"wp:attachment":[{"href":"https:\/\/habitacionpropia.mx\/index.php\/wp-json\/wp\/v2\/media?parent=120"}],"curies":[{"name":"wp","href":"https:\/\/api.w.org\/{rel}","templated":true}]}}